{"id":1921,"date":"2023-03-03T19:38:45","date_gmt":"2023-03-03T19:38:45","guid":{"rendered":"https:\/\/altoebomsom.net\/?page_id=1921"},"modified":"2023-03-03T20:11:06","modified_gmt":"2023-03-03T20:11:06","slug":"politica-de-privacidade","status":"publish","type":"page","link":"https:\/\/altoebomsom.net\/index.php\/politica-de-privacidade\/","title":{"rendered":"Pol\u00edtica de Privacidade"},"content":{"rendered":"\t\t<div data-elementor-type=\"wp-page\" data-elementor-id=\"1921\" class=\"elementor elementor-1921\">\n\t\t\t\t\t\t<section class=\"elementor-section elementor-top-section elementor-element elementor-element-lf4fonw elementor-section-content-top elementor-section-boxed elementor-section-height-default elementor-section-height-default\" data-id=\"lf4fonw\" data-element_type=\"section\" data-e-type=\"section\" data-settings=\"{&quot;background_background&quot;:&quot;classic&quot;}\">\n\t\t\t\t\t\t\t<div class=\"elementor-background-overlay\"><\/div>\n\t\t\t\t\t\t\t<div class=\"elementor-container elementor-column-gap-no\">\n\t\t\t\t\t<div class=\"elementor-column elementor-col-100 elementor-top-column elementor-element elementor-element-fd3d3a5\" data-id=\"fd3d3a5\" data-element_type=\"column\" data-e-type=\"column\">\n\t\t\t<div class=\"elementor-widget-wrap elementor-element-populated\">\n\t\t\t\t\t\t<div class=\"elementor-element elementor-element-49427c7 elementor-widget elementor-widget-heading\" data-id=\"49427c7\" data-element_type=\"widget\" data-e-type=\"widget\" data-widget_type=\"heading.default\">\n\t\t\t\t<div class=\"elementor-widget-container\">\n\t\t\t\t\t<h5 class=\"elementor-heading-title elementor-size-default\">Pol\u00edtica de Privacidade<\/h5>\t\t\t\t<\/div>\n\t\t\t\t<\/div>\n\t\t\t\t<div class=\"elementor-element elementor-element-4529f61 elementor-widget elementor-widget-text-editor\" data-id=\"4529f61\" data-element_type=\"widget\" data-e-type=\"widget\" data-widget_type=\"text-editor.default\">\n\t\t\t\t<div class=\"elementor-widget-container\">\n\t\t\t\t\t\t\t\t\t<p>A privacidade dos Utilizadores desta p\u00e1gina Web, assim como dos Clientes e Entidades Parceiras \u00e9 para n\u00f3s imprescind\u00edvel e inalien\u00e1vel, \u00e0 luz dos Valores que nos orientam a pr\u00e1tica, e no respeito integral pelo Regulamento Geral de Protec\u00e7\u00e3o de Dados e demais legisla\u00e7\u00e3o conexa.<\/p><p>Assim, a <strong>ALTO E BOM SOM produ\u00e7\u00f5es<\/strong> compromete-se solenemente a respeitar integralmente a sua privacidade e agradece a confian\u00e7a que deposita nesta Organiza\u00e7\u00e3o e nas Pessoas que a comp\u00f5em: equipa de gest\u00e3o e demais colaboradores.<\/p>\t\t\t\t\t\t\t\t<\/div>\n\t\t\t\t<\/div>\n\t\t\t\t\t<\/div>\n\t\t<\/div>\n\t\t\t\t\t<\/div>\n\t\t<\/section>\n\t\t\t\t<section class=\"elementor-section elementor-top-section elementor-element elementor-element-df99ed4 elementor-section-content-top elementor-section-boxed elementor-section-height-default elementor-section-height-default\" data-id=\"df99ed4\" data-element_type=\"section\" data-e-type=\"section\" data-settings=\"{&quot;background_background&quot;:&quot;classic&quot;}\">\n\t\t\t\t\t\t\t<div class=\"elementor-background-overlay\"><\/div>\n\t\t\t\t\t\t\t<div class=\"elementor-container elementor-column-gap-no\">\n\t\t\t\t\t<div class=\"elementor-column elementor-col-100 elementor-top-column elementor-element elementor-element-b06d437\" data-id=\"b06d437\" data-element_type=\"column\" data-e-type=\"column\">\n\t\t\t<div class=\"elementor-widget-wrap elementor-element-populated\">\n\t\t\t\t\t\t<div class=\"elementor-element elementor-element-7b0212f elementor-widget elementor-widget-heading\" data-id=\"7b0212f\" data-element_type=\"widget\" data-e-type=\"widget\" data-widget_type=\"heading.default\">\n\t\t\t\t<div class=\"elementor-widget-container\">\n\t\t\t\t\t<h2 class=\"elementor-heading-title elementor-size-default\">No \u00e2mbito da Pol\u00edtica de Privacidade informamos os nossos Clientes e Parceiros sobre:<\/h2>\t\t\t\t<\/div>\n\t\t\t\t<\/div>\n\t\t\t\t<div class=\"elementor-element elementor-element-cc4d4b2 elementor-widget elementor-widget-text-editor\" data-id=\"cc4d4b2\" data-element_type=\"widget\" data-e-type=\"widget\" data-widget_type=\"text-editor.default\">\n\t\t\t\t<div class=\"elementor-widget-container\">\n\t\t\t\t\t\t\t\t\t<p><strong>Quem somos?<\/strong><\/p><p>A <strong>ALTO E BOM SOM produ\u00e7\u00f5es<\/strong> \u00e9 uma marca de Promo\u00e7\u00e3o e Anima\u00e7\u00e3o de eventos, com sede em Portim\u00e3o, na Rua 5 de Outubro, n\u00ba 17 &#8211; 2\u00ba Dt.<\/p><p>\u00a0<\/p><p><strong>Quais os dados que recolhemos no \u00e2mbito da nossa actividade, como os utilizamos e com que finalidade?<\/strong><\/p><p>No \u00e2mbito da nossa actividade, recolhemos e tratamos dados exclusivamente necess\u00e1rios \u00e0s nossas actividades espec\u00edficas e no escrupuloso cumprimento de obriga\u00e7\u00f5es legais, tais como: anima\u00e7\u00e3o e organiza\u00e7\u00e3o de Eventos e respectiva factura\u00e7\u00e3o.<\/p><p>\u00a0<\/p><p><strong>Com quem partilhamos dados?<\/strong><\/p><p>N\u00e3o s\u00e3o cedidos ou partilhados quaisquer dados com outras pessoas ou organiza\u00e7\u00f5es.<\/p><p>Exceptuam-se aqueles legalmente requeridos pelo Estado Portugu\u00eas e nos termos legalmente estabelecidos para o efeito, designadamente, a partilha de dados com a Autoridade Tribut\u00e1ria e Aduaneira sobre a factura\u00e7\u00e3o, para efeitos fiscais.<\/p><p>\u00a0<\/p><p><strong>Durante quanto tempo mantemos os dados?<\/strong><\/p><p>Os dados recolhidos s\u00e3o mantidos exclusivamente pelo tempo necess\u00e1rio \u00e0 gest\u00e3o das actividades e das obriga\u00e7\u00f5es fiscais e nos prazos legais estabelecidos para o efeito.<\/p><p>\u00a0<\/p><p><strong>De que formas poder\u00e1 entrar em contacto connosco a fim de exercer os seu direitos leg\u00edtimos?<\/strong><\/p><p>A <strong>ALTO E BOM SOM produ\u00e7\u00f5es<\/strong> recolhe e trata, de modo respons\u00e1vel e no cumprimento da Lei, Dados Pessoais de acordo com o estabelecido no Regulamento Geral de Prote\u00e7\u00e3o de Dados e legisla\u00e7\u00e3o conexa.<\/p><p>Para qualquer esclarecimento relacionado com recolha e tratamento dos seus dados pessoais poder\u00e1 sempre contactar-nos pelas seguintes vias:<\/p><p>\u00a0<\/p><p>\u00a0<\/p><p><strong>Encarregado da Protec\u00e7\u00e3o de Dados:<\/strong>\u00a0<\/p><p><a href=\"mailto:altoebomsom@gmail.com\">altoebomsom@gmail.com<\/a><\/p><p><strong>ALTO E BOM SOM produ\u00e7\u00f5es:<\/strong><\/p><p><strong><u>altoebomsom.net<\/u><\/strong><\/p><p>\u00a0<\/p><p><strong>Os meus Dados Pessoais s\u00e3o partilhados com outros?<\/strong><\/p><p>Os Dados Pessoais recolhidos e tratados para os fins acima identificados N\u00c3O ser\u00e3o utilizados para nenhuma outra finalidade nem partilhados com outras pessoas ou organiza\u00e7\u00f5es.<\/p><p>A utiliza\u00e7\u00e3o de Dados para outras finalidades que n\u00e3o aquelas acima indicadas pressup\u00f5e a obten\u00e7\u00e3o pr\u00e9via do seu consentimento informado e expresso.<\/p><p>N\u00e3o \u00e9 suposta qualquer outra utiliza\u00e7\u00e3o de Dados para al\u00e9m daquela estritamente necess\u00e1ria \u00e0 gest\u00e3o das nossas actividades ou da informa\u00e7\u00e3o que legalmente estamos obrigados a prestar a institui\u00e7\u00f5es p\u00fablicas do Estado portugu\u00eas.<\/p><p>Os Dados Pessoais acima identificados ser\u00e3o conservados pela <strong>ALTO E BOM SOM produ\u00e7\u00f5es<\/strong> durante oito (8) anos ap\u00f3s a sua recolha, num servidor seguro e de acesso condicionado e reservado.<\/p><p>\u00a0<\/p><p><strong>Quais s\u00e3o os meus direitos em mat\u00e9ria de Dados Pessoais?<\/strong><\/p><p>A <strong>ALTO E BOM SOM produ\u00e7\u00f5es<\/strong> informa que poder\u00e1 exercer os seus direito previstos na legisla\u00e7\u00e3o em vigor (acesso, retifica\u00e7\u00e3o, apagamento, limita\u00e7\u00e3o, oposi\u00e7\u00e3o e portabilidade) atrav\u00e9s de contacto escrito para o endere\u00e7o electr\u00f3nico:<\/p><p><u><a href=\"mailto:altoebomsom@gmail.com\">altoebomsom@gmail.com<\/a><\/u><\/p><p>Acresce informar que poder\u00e1, tamb\u00e9m, retirar o(s) consentimento(s) a qualquer momento, e ainda, \u00a0apresentar reclama\u00e7\u00f5es junto da autoridade de controlo (CNPD).<\/p><p>Caso nos contacte para aqueles fins, ser\u00e1 sempre por n\u00f3s informado das medidas tomadas decorrentes da sua solicita\u00e7\u00e3o, no prazo m\u00e1ximo de 30 dias a partir do momento em que o seu pedido \u00e9 apresentado.<\/p>\t\t\t\t\t\t\t\t<\/div>\n\t\t\t\t<\/div>\n\t\t\t\t\t<\/div>\n\t\t<\/div>\n\t\t\t\t\t<\/div>\n\t\t<\/section>\n\t\t\t\t<section class=\"elementor-section elementor-top-section elementor-element elementor-element-741c4af elementor-section-content-top elementor-section-boxed elementor-section-height-default elementor-section-height-default\" data-id=\"741c4af\" data-element_type=\"section\" data-e-type=\"section\" data-settings=\"{&quot;background_background&quot;:&quot;classic&quot;}\">\n\t\t\t\t\t\t\t<div class=\"elementor-background-overlay\"><\/div>\n\t\t\t\t\t\t\t<div class=\"elementor-container elementor-column-gap-no\">\n\t\t\t\t\t<div class=\"elementor-column elementor-col-100 elementor-top-column elementor-element elementor-element-f572369\" data-id=\"f572369\" data-element_type=\"column\" data-e-type=\"column\">\n\t\t\t<div class=\"elementor-widget-wrap elementor-element-populated\">\n\t\t\t\t\t\t<div class=\"elementor-element elementor-element-b416b6a elementor-widget elementor-widget-heading\" data-id=\"b416b6a\" data-element_type=\"widget\" data-e-type=\"widget\" data-widget_type=\"heading.default\">\n\t\t\t\t<div class=\"elementor-widget-container\">\n\t\t\t\t\t<h2 class=\"elementor-heading-title elementor-size-default\">Os seus Direitos<\/h2>\t\t\t\t<\/div>\n\t\t\t\t<\/div>\n\t\t\t\t<div class=\"elementor-element elementor-element-236b325 elementor-widget elementor-widget-text-editor\" data-id=\"236b325\" data-element_type=\"widget\" data-e-type=\"widget\" data-widget_type=\"text-editor.default\">\n\t\t\t\t<div class=\"elementor-widget-container\">\n\t\t\t\t\t\t\t\t\t<p><strong>Direito de acesso<\/strong> &#8211; O titular dos Dados Pessoais tem o direito de obter da <strong>ALTO E BOM SOM produ\u00e7\u00f5es<\/strong> a confirma\u00e7\u00e3o de que os dados que lhe digam respeito s\u00e3o ou n\u00e3o objeto de tratamento e, se for o caso, aceder aos seus dados pessoais.<\/p><p>\u00a0<\/p><p><strong>Direito de retifica\u00e7\u00e3o<\/strong> &#8211; O titular dos Dados Pessoais tem o direito de obter da <strong>ALTO E BOM SOM produ\u00e7\u00f5es<\/strong> a retifica\u00e7\u00e3o dos dados incompletos ou incorretos que lhe digam respeito.<\/p><p>\u00a0<\/p><p><strong>Direito ao esquecimento<\/strong> &#8211; O titular dos Dados Pessoais tem o direito de solicitar \u00e0 <strong>ALTO E BOM SOM produ\u00e7\u00f5es<\/strong> para apagar os dados pessoais quando se aplique um dos seguintes motivos:<\/p><ul><li>Os dados pessoais deixam de ser necess\u00e1rios para a finalidade que motivou a sua recolha ou tratamento<\/li><li>O titular retirou o consentimento para o tratamento de dados e n\u00e3o existir outro fundamento para o referido tratamento.<\/li><\/ul><p><strong>Direito de oposi\u00e7\u00e3o<\/strong> &#8211; Pode opor-se ao tratamento dos seus dados pessoais sempre que o tratamento for efetuado para efeitos de marketing direto ou para promo\u00e7\u00e3o e divulga\u00e7\u00e3o das nossas actividades.<\/p><p>\u00a0<\/p><p><strong>Posso revogar o meu consentimento posteriormente?<\/strong><\/p><p>Se o consentimento for legalmente necess\u00e1rio para o tratamento de Dados Pessoais, o titular dos dados tem o direito de retirar consentimento em qualquer altura, embora esse direito n\u00e3o comprometa a licitude do tratamento efetuado com base no consentimento previamente dado nem o tratamento posterior dos mesmos dados, como \u00e9 o caso do cumprimento de Contrato ou de obriga\u00e7\u00f5es legais a que a <strong>ALTO E BOM SOM produ\u00e7\u00f5es<\/strong> est\u00e1 sujeita.<\/p><p>\u00a0<\/p><p><strong>Subsiste alguma d\u00favida?<\/strong><\/p><p>Se subsistir alguma d\u00favida ou necessitar de esclarecimentos adicionais relativamente ao tratamento dos seus Dados Pessoais, ou pretender exercer alguns dos seus direitos, por favor contacte-nos utilizando os canais \u00a0aqui disponibilizados.<\/p><p>\u00a0<\/p><p>A <strong>ALTO E BOM SOM produ\u00e7\u00f5es<\/strong> poder\u00e1 actualizar a sua Pol\u00edtica de Privacidade, solicitando-se que reveja periodicamente este documento para se manter actualizado.<\/p>\t\t\t\t\t\t\t\t<\/div>\n\t\t\t\t<\/div>\n\t\t\t\t\t<\/div>\n\t\t<\/div>\n\t\t\t\t\t<\/div>\n\t\t<\/section>\n\t\t\t\t<section class=\"elementor-section elementor-top-section elementor-element elementor-element-8b0918e elementor-section-content-top elementor-section-boxed elementor-section-height-default elementor-section-height-default\" data-id=\"8b0918e\" data-element_type=\"section\" data-e-type=\"section\" data-settings=\"{&quot;background_background&quot;:&quot;classic&quot;}\">\n\t\t\t\t\t\t\t<div class=\"elementor-background-overlay\"><\/div>\n\t\t\t\t\t\t\t<div class=\"elementor-container elementor-column-gap-no\">\n\t\t\t\t\t<div class=\"elementor-column elementor-col-100 elementor-top-column elementor-element elementor-element-ceb4565\" data-id=\"ceb4565\" data-element_type=\"column\" data-e-type=\"column\">\n\t\t\t<div class=\"elementor-widget-wrap elementor-element-populated\">\n\t\t\t\t\t\t<div class=\"elementor-element elementor-element-e941f48 elementor-widget elementor-widget-text-editor\" data-id=\"e941f48\" data-element_type=\"widget\" data-e-type=\"widget\" data-widget_type=\"text-editor.default\">\n\t\t\t\t<div class=\"elementor-widget-container\">\n\t\t\t\t\t\t\t\t\t<p>\u00daltima atualiza\u00e7\u00e3o:\u00a09 de Outubro de 2021<\/p>\t\t\t\t\t\t\t\t<\/div>\n\t\t\t\t<\/div>\n\t\t\t\t\t<\/div>\n\t\t<\/div>\n\t\t\t\t\t<\/div>\n\t\t<\/section>\n\t\t\t\t<\/div>\n\t\t","protected":false},"excerpt":{"rendered":"<p>Pol\u00edtica de Privacidade A privacidade dos Utilizadores desta p\u00e1gina Web, assim como dos Clientes e Entidades Parceiras \u00e9 para n\u00f3s imprescind\u00edvel e inalien\u00e1vel, \u00e0 luz dos Valores que nos orientam a pr\u00e1tica, e no respeito integral pelo Regulamento Geral de Protec\u00e7\u00e3o de Dados e demais legisla\u00e7\u00e3o conexa. Assim, a ALTO E BOM SOM produ\u00e7\u00f5es compromete-se [&hellip;]<\/p>\n","protected":false},"author":1,"featured_media":0,"parent":0,"menu_order":0,"comment_status":"closed","ping_status":"closed","template":"","meta":{"om_disable_all_campaigns":false,"_monsterinsights_skip_tracking":false,"_monsterinsights_sitenote_active":false,"_monsterinsights_sitenote_note":"","_monsterinsights_sitenote_category":0,"site-sidebar-layout":"no-sidebar","site-content-layout":"page-builder","ast-site-content-layout":"default","site-content-style":"default","site-sidebar-style":"default","ast-global-header-display":"","ast-banner-title-visibility":"","ast-main-header-display":"","ast-hfb-above-header-display":"","ast-hfb-below-header-display":"","ast-hfb-mobile-header-display":"","site-post-title":"disabled","ast-breadcrumbs-content":"","ast-featured-img":"disabled","footer-sml-layout":"","ast-disable-related-posts":"","theme-transparent-header-meta":"","adv-header-id-meta":"","stick-header-meta":"","header-above-stick-meta":"","header-main-stick-meta":"","header-below-stick-meta":"","astra-migrate-meta-layouts":"default","ast-page-background-enabled":"default","ast-page-background-meta":{"desktop":{"background-color":"var(--ast-global-color-4)","background-image":"","background-repeat":"repeat","background-position":"center center","background-size":"auto","background-attachment":"scroll","background-type":"","background-media":"","overlay-type":"","overlay-color":"","overlay-opacity":"","overlay-gradient":""},"tablet":{"background-color":"","background-image":"","background-repeat":"repeat","background-position":"center center","background-size":"auto","background-attachment":"scroll","background-type":"","background-media":"","overlay-type":"","overlay-color":"","overlay-opacity":"","overlay-gradient":""},"mobile":{"background-color":"","background-image":"","background-repeat":"repeat","background-position":"center center","background-size":"auto","background-attachment":"scroll","background-type":"","background-media":"","overlay-type":"","overlay-color":"","overlay-opacity":"","overlay-gradient":""}},"ast-content-background-meta":{"desktop":{"background-color":"var(--ast-global-color-5)","background-image":"","background-repeat":"repeat","background-position":"center center","background-size":"auto","background-attachment":"scroll","background-type":"","background-media":"","overlay-type":"","overlay-color":"","overlay-opacity":"","overlay-gradient":""},"tablet":{"background-color":"var(--ast-global-color-5)","background-image":"","background-repeat":"repeat","background-position":"center center","background-size":"auto","background-attachment":"scroll","background-type":"","background-media":"","overlay-type":"","overlay-color":"","overlay-opacity":"","overlay-gradient":""},"mobile":{"background-color":"var(--ast-global-color-5)","background-image":"","background-repeat":"repeat","background-position":"center center","background-size":"auto","background-attachment":"scroll","background-type":"","background-media":"","overlay-type":"","overlay-color":"","overlay-opacity":"","overlay-gradient":""}},"footnotes":""},"class_list":["post-1921","page","type-page","status-publish","hentry"],"aioseo_notices":[],"_links":{"self":[{"href":"https:\/\/altoebomsom.net\/index.php\/wp-json\/wp\/v2\/pages\/1921","targetHints":{"allow":["GET"]}}],"collection":[{"href":"https:\/\/altoebomsom.net\/index.php\/wp-json\/wp\/v2\/pages"}],"about":[{"href":"https:\/\/altoebomsom.net\/index.php\/wp-json\/wp\/v2\/types\/page"}],"author":[{"embeddable":true,"href":"https:\/\/altoebomsom.net\/index.php\/wp-json\/wp\/v2\/users\/1"}],"replies":[{"embeddable":true,"href":"https:\/\/altoebomsom.net\/index.php\/wp-json\/wp\/v2\/comments?post=1921"}],"version-history":[{"count":43,"href":"https:\/\/altoebomsom.net\/index.php\/wp-json\/wp\/v2\/pages\/1921\/revisions"}],"predecessor-version":[{"id":1967,"href":"https:\/\/altoebomsom.net\/index.php\/wp-json\/wp\/v2\/pages\/1921\/revisions\/1967"}],"wp:attachment":[{"href":"https:\/\/altoebomsom.net\/index.php\/wp-json\/wp\/v2\/media?parent=1921"}],"curies":[{"name":"wp","href":"https:\/\/api.w.org\/{rel}","templated":true}]}}