{"id":2270,"date":"2023-04-24T15:19:00","date_gmt":"2023-04-24T15:19:00","guid":{"rendered":"https:\/\/altoebomsom.net\/?page_id=2270"},"modified":"2023-04-24T15:51:24","modified_gmt":"2023-04-24T15:51:24","slug":"banda_abs","status":"publish","type":"page","link":"https:\/\/altoebomsom.net\/index.php\/banda_abs\/","title":{"rendered":"Banda_ABS"},"content":{"rendered":"\t\t<div data-elementor-type=\"wp-page\" data-elementor-id=\"2270\" class=\"elementor elementor-2270\">\n\t\t\t\t\t\t<section class=\"elementor-section elementor-top-section elementor-element elementor-element-acadd84 elementor-section-boxed elementor-section-height-default elementor-section-height-default\" data-id=\"acadd84\" data-element_type=\"section\" data-e-type=\"section\">\n\t\t\t\t\t\t<div class=\"elementor-container elementor-column-gap-default\">\n\t\t\t\t\t<div class=\"elementor-column elementor-col-100 elementor-top-column elementor-element elementor-element-895425e\" data-id=\"895425e\" data-element_type=\"column\" data-e-type=\"column\">\n\t\t\t<div class=\"elementor-widget-wrap elementor-element-populated\">\n\t\t\t\t\t\t<div class=\"elementor-element elementor-element-840c253 elementor-widget elementor-widget-heading\" data-id=\"840c253\" data-element_type=\"widget\" data-e-type=\"widget\" data-widget_type=\"heading.default\">\n\t\t\t\t<div class=\"elementor-widget-container\">\n\t\t\t\t\t<h2 class=\"elementor-heading-title elementor-size-default\">Banda ABS<\/h2>\t\t\t\t<\/div>\n\t\t\t\t<\/div>\n\t\t\t\t\t<\/div>\n\t\t<\/div>\n\t\t\t\t\t<\/div>\n\t\t<\/section>\n\t\t\t\t<section class=\"elementor-section elementor-top-section elementor-element elementor-element-2cb63ed elementor-section-boxed elementor-section-height-default elementor-section-height-default\" data-id=\"2cb63ed\" data-element_type=\"section\" data-e-type=\"section\">\n\t\t\t\t\t\t<div class=\"elementor-container elementor-column-gap-default\">\n\t\t\t\t\t<div class=\"elementor-column elementor-col-50 elementor-top-column elementor-element elementor-element-2571223\" data-id=\"2571223\" data-element_type=\"column\" data-e-type=\"column\">\n\t\t\t<div class=\"elementor-widget-wrap elementor-element-populated\">\n\t\t\t\t\t\t<div class=\"elementor-element elementor-element-efef49f elementor-widget__width-initial elementor-widget elementor-widget-image\" data-id=\"efef49f\" data-element_type=\"widget\" data-e-type=\"widget\" data-widget_type=\"image.default\">\n\t\t\t\t<div class=\"elementor-widget-container\">\n\t\t\t\t\t\t\t\t\t\t\t\t\t\t\t<img fetchpriority=\"high\" decoding=\"async\" width=\"300\" height=\"225\" src=\"https:\/\/altoebomsom.net\/wp-content\/uploads\/2023\/04\/ABS_Natal_2018-5-300x225.jpg\" class=\"attachment-medium size-medium wp-image-2275\" alt=\"\" srcset=\"https:\/\/altoebomsom.net\/wp-content\/uploads\/2023\/04\/ABS_Natal_2018-5-300x225.jpg 300w, https:\/\/altoebomsom.net\/wp-content\/uploads\/2023\/04\/ABS_Natal_2018-5-768x575.jpg 768w, https:\/\/altoebomsom.net\/wp-content\/uploads\/2023\/04\/ABS_Natal_2018-5.jpg 960w\" sizes=\"(max-width: 300px) 100vw, 300px\" \/>\t\t\t\t\t\t\t\t\t\t\t\t\t\t\t<\/div>\n\t\t\t\t<\/div>\n\t\t\t\t\t<\/div>\n\t\t<\/div>\n\t\t\t\t<div class=\"elementor-column elementor-col-50 elementor-top-column elementor-element elementor-element-4ce88c6\" data-id=\"4ce88c6\" data-element_type=\"column\" data-e-type=\"column\">\n\t\t\t<div class=\"elementor-widget-wrap elementor-element-populated\">\n\t\t\t\t\t\t<div class=\"elementor-element elementor-element-c9543c9 elementor-widget elementor-widget-text-editor\" data-id=\"c9543c9\" data-element_type=\"widget\" data-e-type=\"widget\" data-widget_type=\"text-editor.default\">\n\t\t\t\t<div class=\"elementor-widget-container\">\n\t\t\t\t\t\t\t\t\t<p><strong>M\u00fasica ao vivo<\/strong><\/p><ul><li><strong>Anima\u00e7\u00e3o de eventos privados e corporativos<\/strong><\/li><li><strong>Report\u00f3rio vasto e diversificado<\/strong><\/li><li><strong>Ritmos e estilos variados<\/strong><\/li><li><strong>Idiomas: portugu\u00eas, ingl\u00eas, franc\u00eas, castelhano e italiano<\/strong><\/li><li><strong>Experi\u00eancia e Profissionalismo<\/strong><\/li><li><strong>Possibilidade de actua\u00e7\u00e3o com animador(a) core\u00f3grafo(a)<\/strong><\/li><\/ul>\t\t\t\t\t\t\t\t<\/div>\n\t\t\t\t<\/div>\n\t\t\t\t\t<\/div>\n\t\t<\/div>\n\t\t\t\t\t<\/div>\n\t\t<\/section>\n\t\t\t\t<section class=\"elementor-section elementor-top-section elementor-element elementor-element-ab6ee7a elementor-section-boxed elementor-section-height-default elementor-section-height-default\" data-id=\"ab6ee7a\" data-element_type=\"section\" data-e-type=\"section\">\n\t\t\t\t\t\t<div class=\"elementor-container elementor-column-gap-default\">\n\t\t\t\t\t<div class=\"elementor-column elementor-col-100 elementor-top-column elementor-element elementor-element-fc1374d\" data-id=\"fc1374d\" data-element_type=\"column\" data-e-type=\"column\">\n\t\t\t<div class=\"elementor-widget-wrap elementor-element-populated\">\n\t\t\t\t\t\t<div class=\"elementor-element elementor-element-d3927f9 elementor-widget elementor-widget-text-editor\" data-id=\"d3927f9\" data-element_type=\"widget\" data-e-type=\"widget\" data-widget_type=\"text-editor.default\">\n\t\t\t\t<div class=\"elementor-widget-container\">\n\t\t\t\t\t\t\t\t\t<h4>P\u00e1gina em actualiza\u00e7\u00e3o<\/h4>\t\t\t\t\t\t\t\t<\/div>\n\t\t\t\t<\/div>\n\t\t\t\t\t<\/div>\n\t\t<\/div>\n\t\t\t\t\t<\/div>\n\t\t<\/section>\n\t\t\t\t<section class=\"elementor-section elementor-top-section elementor-element elementor-element-0f3fca3 elementor-section-boxed elementor-section-height-default elementor-section-height-default\" data-id=\"0f3fca3\" data-element_type=\"section\" data-e-type=\"section\">\n\t\t\t\t\t\t<div class=\"elementor-container elementor-column-gap-default\">\n\t\t\t\t\t<div class=\"elementor-column elementor-col-50 elementor-top-column elementor-element elementor-element-0510098\" data-id=\"0510098\" data-element_type=\"column\" data-e-type=\"column\">\n\t\t\t<div class=\"elementor-widget-wrap elementor-element-populated\">\n\t\t\t\t\t\t<div class=\"elementor-element elementor-element-26a59cd elementor-widget elementor-widget-image\" data-id=\"26a59cd\" data-element_type=\"widget\" data-e-type=\"widget\" data-widget_type=\"image.default\">\n\t\t\t\t<div class=\"elementor-widget-container\">\n\t\t\t\t\t\t\t\t\t\t\t\t\t\t\t<img decoding=\"async\" width=\"300\" height=\"200\" src=\"https:\/\/altoebomsom.net\/wp-content\/uploads\/2023\/04\/casamento-300x200.jpg\" class=\"attachment-medium size-medium wp-image-2286\" alt=\"\" srcset=\"https:\/\/altoebomsom.net\/wp-content\/uploads\/2023\/04\/casamento-300x200.jpg 300w, https:\/\/altoebomsom.net\/wp-content\/uploads\/2023\/04\/casamento.jpg 600w\" sizes=\"(max-width: 300px) 100vw, 300px\" \/>\t\t\t\t\t\t\t\t\t\t\t\t\t\t\t<\/div>\n\t\t\t\t<\/div>\n\t\t\t\t\t<\/div>\n\t\t<\/div>\n\t\t\t\t<div class=\"elementor-column elementor-col-50 elementor-top-column elementor-element elementor-element-fcdf30a\" data-id=\"fcdf30a\" data-element_type=\"column\" data-e-type=\"column\">\n\t\t\t<div class=\"elementor-widget-wrap elementor-element-populated\">\n\t\t\t\t\t\t<div class=\"elementor-element elementor-element-b61cac2 elementor-widget elementor-widget-image\" data-id=\"b61cac2\" data-element_type=\"widget\" data-e-type=\"widget\" data-widget_type=\"image.default\">\n\t\t\t\t<div class=\"elementor-widget-container\">\n\t\t\t\t\t\t\t\t\t\t\t\t\t\t\t<img decoding=\"async\" width=\"300\" height=\"200\" src=\"https:\/\/altoebomsom.net\/wp-content\/uploads\/2023\/04\/paquito-300x200.jpg\" class=\"attachment-medium size-medium wp-image-2289\" alt=\"\" srcset=\"https:\/\/altoebomsom.net\/wp-content\/uploads\/2023\/04\/paquito-300x200.jpg 300w, https:\/\/altoebomsom.net\/wp-content\/uploads\/2023\/04\/paquito.jpg 600w\" sizes=\"(max-width: 300px) 100vw, 300px\" \/>\t\t\t\t\t\t\t\t\t\t\t\t\t\t\t<\/div>\n\t\t\t\t<\/div>\n\t\t\t\t\t<\/div>\n\t\t<\/div>\n\t\t\t\t\t<\/div>\n\t\t<\/section>\n\t\t\t\t<section class=\"elementor-section elementor-top-section elementor-element elementor-element-af9dd91 elementor-section-boxed elementor-section-height-default elementor-section-height-default\" data-id=\"af9dd91\" data-element_type=\"section\" data-e-type=\"section\">\n\t\t\t\t\t\t<div class=\"elementor-container elementor-column-gap-default\">\n\t\t\t\t\t<div class=\"elementor-column elementor-col-50 elementor-top-column elementor-element elementor-element-b0b70af\" data-id=\"b0b70af\" data-element_type=\"column\" data-e-type=\"column\">\n\t\t\t<div class=\"elementor-widget-wrap elementor-element-populated\">\n\t\t\t\t\t\t<div class=\"elementor-element elementor-element-c2e07db elementor-widget elementor-widget-image\" data-id=\"c2e07db\" data-element_type=\"widget\" data-e-type=\"widget\" data-widget_type=\"image.default\">\n\t\t\t\t<div class=\"elementor-widget-container\">\n\t\t\t\t\t\t\t\t\t\t\t\t\t\t\t<img loading=\"lazy\" decoding=\"async\" width=\"300\" height=\"191\" src=\"https:\/\/altoebomsom.net\/wp-content\/uploads\/2023\/04\/BejaParqueHotel-4-300x191.jpg\" class=\"attachment-medium size-medium wp-image-2291\" alt=\"\" srcset=\"https:\/\/altoebomsom.net\/wp-content\/uploads\/2023\/04\/BejaParqueHotel-4-300x191.jpg 300w, https:\/\/altoebomsom.net\/wp-content\/uploads\/2023\/04\/BejaParqueHotel-4-768x488.jpg 768w, https:\/\/altoebomsom.net\/wp-content\/uploads\/2023\/04\/BejaParqueHotel-4.jpg 960w\" sizes=\"(max-width: 300px) 100vw, 300px\" \/>\t\t\t\t\t\t\t\t\t\t\t\t\t\t\t<\/div>\n\t\t\t\t<\/div>\n\t\t\t\t\t<\/div>\n\t\t<\/div>\n\t\t\t\t<div class=\"elementor-column elementor-col-50 elementor-top-column elementor-element elementor-element-0022dee\" data-id=\"0022dee\" data-element_type=\"column\" data-e-type=\"column\">\n\t\t\t<div class=\"elementor-widget-wrap elementor-element-populated\">\n\t\t\t\t\t\t<div class=\"elementor-element elementor-element-5f48e73 elementor-widget elementor-widget-image\" data-id=\"5f48e73\" data-element_type=\"widget\" data-e-type=\"widget\" data-widget_type=\"image.default\">\n\t\t\t\t<div class=\"elementor-widget-container\">\n\t\t\t\t\t\t\t\t\t\t\t\t\t\t\t<img loading=\"lazy\" decoding=\"async\" width=\"300\" height=\"181\" src=\"https:\/\/altoebomsom.net\/wp-content\/uploads\/2023\/04\/FestaDoGalo-300x181.jpg\" class=\"attachment-medium size-medium wp-image-2288\" alt=\"\" srcset=\"https:\/\/altoebomsom.net\/wp-content\/uploads\/2023\/04\/FestaDoGalo-300x181.jpg 300w, https:\/\/altoebomsom.net\/wp-content\/uploads\/2023\/04\/FestaDoGalo.jpg 552w\" sizes=\"(max-width: 300px) 100vw, 300px\" \/>\t\t\t\t\t\t\t\t\t\t\t\t\t\t\t<\/div>\n\t\t\t\t<\/div>\n\t\t\t\t\t<\/div>\n\t\t<\/div>\n\t\t\t\t\t<\/div>\n\t\t<\/section>\n\t\t\t\t<\/div>\n\t\t","protected":false},"excerpt":{"rendered":"<p>Banda ABS M\u00fasica ao vivo Anima\u00e7\u00e3o de eventos privados e corporativos Report\u00f3rio vasto e diversificado Ritmos e estilos variados Idiomas: portugu\u00eas, ingl\u00eas, franc\u00eas, castelhano e italiano Experi\u00eancia e Profissionalismo Possibilidade de actua\u00e7\u00e3o com animador(a) core\u00f3grafo(a) P\u00e1gina em actualiza\u00e7\u00e3o<\/p>\n","protected":false},"author":1,"featured_media":0,"parent":0,"menu_order":0,"comment_status":"closed","ping_status":"closed","template":"","meta":{"om_disable_all_campaigns":false,"_monsterinsights_skip_tracking":false,"_monsterinsights_sitenote_active":false,"_monsterinsights_sitenote_note":"","_monsterinsights_sitenote_category":0,"site-sidebar-layout":"no-sidebar","site-content-layout":"page-builder","ast-site-content-layout":"default","site-content-style":"default","site-sidebar-style":"default","ast-global-header-display":"","ast-banner-title-visibility":"","ast-main-header-display":"","ast-hfb-above-header-display":"","ast-hfb-below-header-display":"","ast-hfb-mobile-header-display":"","site-post-title":"disabled","ast-breadcrumbs-content":"","ast-featured-img":"disabled","footer-sml-layout":"","ast-disable-related-posts":"","theme-transparent-header-meta":"","adv-header-id-meta":"","stick-header-meta":"","header-above-stick-meta":"","header-main-stick-meta":"","header-below-stick-meta":"","astra-migrate-meta-layouts":"default","ast-page-background-enabled":"default","ast-page-background-meta":{"desktop":{"background-color":"var(--ast-global-color-4)","background-image":"","background-repeat":"repeat","background-position":"center center","background-size":"auto","background-attachment":"scroll","background-type":"","background-media":"","overlay-type":"","overlay-color":"","overlay-opacity":"","overlay-gradient":""},"tablet":{"background-color":"","background-image":"","background-repeat":"repeat","background-position":"center center","background-size":"auto","background-attachment":"scroll","background-type":"","background-media":"","overlay-type":"","overlay-color":"","overlay-opacity":"","overlay-gradient":""},"mobile":{"background-color":"","background-image":"","background-repeat":"repeat","background-position":"center center","background-size":"auto","background-attachment":"scroll","background-type":"","background-media":"","overlay-type":"","overlay-color":"","overlay-opacity":"","overlay-gradient":""}},"ast-content-background-meta":{"desktop":{"background-color":"var(--ast-global-color-5)","background-image":"","background-repeat":"repeat","background-position":"center center","background-size":"auto","background-attachment":"scroll","background-type":"","background-media":"","overlay-type":"","overlay-color":"","overlay-opacity":"","overlay-gradient":""},"tablet":{"background-color":"var(--ast-global-color-5)","background-image":"","background-repeat":"repeat","background-position":"center center","background-size":"auto","background-attachment":"scroll","background-type":"","background-media":"","overlay-type":"","overlay-color":"","overlay-opacity":"","overlay-gradient":""},"mobile":{"background-color":"var(--ast-global-color-5)","background-image":"","background-repeat":"repeat","background-position":"center center","background-size":"auto","background-attachment":"scroll","background-type":"","background-media":"","overlay-type":"","overlay-color":"","overlay-opacity":"","overlay-gradient":""}},"footnotes":""},"class_list":["post-2270","page","type-page","status-publish","hentry"],"aioseo_notices":[],"_links":{"self":[{"href":"https:\/\/altoebomsom.net\/index.php\/wp-json\/wp\/v2\/pages\/2270","targetHints":{"allow":["GET"]}}],"collection":[{"href":"https:\/\/altoebomsom.net\/index.php\/wp-json\/wp\/v2\/pages"}],"about":[{"href":"https:\/\/altoebomsom.net\/index.php\/wp-json\/wp\/v2\/types\/page"}],"author":[{"embeddable":true,"href":"https:\/\/altoebomsom.net\/index.php\/wp-json\/wp\/v2\/users\/1"}],"replies":[{"embeddable":true,"href":"https:\/\/altoebomsom.net\/index.php\/wp-json\/wp\/v2\/comments?post=2270"}],"version-history":[{"count":22,"href":"https:\/\/altoebomsom.net\/index.php\/wp-json\/wp\/v2\/pages\/2270\/revisions"}],"predecessor-version":[{"id":2300,"href":"https:\/\/altoebomsom.net\/index.php\/wp-json\/wp\/v2\/pages\/2270\/revisions\/2300"}],"wp:attachment":[{"href":"https:\/\/altoebomsom.net\/index.php\/wp-json\/wp\/v2\/media?parent=2270"}],"curies":[{"name":"wp","href":"https:\/\/api.w.org\/{rel}","templated":true}]}}