{"id":2457,"date":"2024-02-14T17:39:22","date_gmt":"2024-02-14T17:39:22","guid":{"rendered":"https:\/\/altoebomsom.net\/?page_id=2457"},"modified":"2024-02-16T15:45:52","modified_gmt":"2024-02-16T15:45:52","slug":"clo-cunha","status":"publish","type":"page","link":"https:\/\/altoebomsom.net\/index.php\/clo-cunha\/","title":{"rendered":"Clo Cunha"},"content":{"rendered":"\t\t<div data-elementor-type=\"wp-page\" data-elementor-id=\"2457\" class=\"elementor elementor-2457\">\n\t\t\t\t\t\t<section class=\"elementor-section elementor-top-section elementor-element elementor-element-624ca82 elementor-section-boxed elementor-section-height-default elementor-section-height-default\" data-id=\"624ca82\" data-element_type=\"section\" data-e-type=\"section\">\n\t\t\t\t\t\t<div class=\"elementor-container elementor-column-gap-default\">\n\t\t\t\t\t<div class=\"elementor-column elementor-col-100 elementor-top-column elementor-element elementor-element-68994d4\" data-id=\"68994d4\" data-element_type=\"column\" data-e-type=\"column\">\n\t\t\t<div class=\"elementor-widget-wrap elementor-element-populated\">\n\t\t\t\t\t\t<div class=\"elementor-element elementor-element-29f96eb elementor-widget elementor-widget-heading\" data-id=\"29f96eb\" data-element_type=\"widget\" data-e-type=\"widget\" data-widget_type=\"heading.default\">\n\t\t\t\t<div class=\"elementor-widget-container\">\n\t\t\t\t\t<h2 class=\"elementor-heading-title elementor-size-default\">Cl\u00f4 Cunha<\/h2>\t\t\t\t<\/div>\n\t\t\t\t<\/div>\n\t\t\t\t\t<\/div>\n\t\t<\/div>\n\t\t\t\t\t<\/div>\n\t\t<\/section>\n\t\t\t\t<section class=\"elementor-section elementor-top-section elementor-element elementor-element-67d0f52 elementor-section-boxed elementor-section-height-default elementor-section-height-default\" data-id=\"67d0f52\" data-element_type=\"section\" data-e-type=\"section\">\n\t\t\t\t\t\t<div class=\"elementor-container elementor-column-gap-default\">\n\t\t\t\t\t<div class=\"elementor-column elementor-col-100 elementor-top-column elementor-element elementor-element-3360245\" data-id=\"3360245\" data-element_type=\"column\" data-e-type=\"column\">\n\t\t\t<div class=\"elementor-widget-wrap elementor-element-populated\">\n\t\t\t\t\t\t<div class=\"elementor-element elementor-element-ad201b0 elementor-widget elementor-widget-heading\" data-id=\"ad201b0\" data-element_type=\"widget\" data-e-type=\"widget\" data-widget_type=\"heading.default\">\n\t\t\t\t<div class=\"elementor-widget-container\">\n\t\t\t\t\t<h2 class=\"elementor-heading-title elementor-size-default\">Anima\u00e7\u00e3o Karaoke<\/h2>\t\t\t\t<\/div>\n\t\t\t\t<\/div>\n\t\t\t\t\t<\/div>\n\t\t<\/div>\n\t\t\t\t\t<\/div>\n\t\t<\/section>\n\t\t\t\t<section class=\"elementor-section elementor-top-section elementor-element elementor-element-bee199a elementor-section-boxed elementor-section-height-default elementor-section-height-default\" data-id=\"bee199a\" data-element_type=\"section\" data-e-type=\"section\">\n\t\t\t\t\t\t<div class=\"elementor-container elementor-column-gap-default\">\n\t\t\t\t\t<div class=\"elementor-column elementor-col-33 elementor-top-column elementor-element elementor-element-d3379ae\" data-id=\"d3379ae\" data-element_type=\"column\" data-e-type=\"column\">\n\t\t\t<div class=\"elementor-widget-wrap elementor-element-populated\">\n\t\t\t\t\t\t<div class=\"elementor-element elementor-element-d667cf0 elementor-widget elementor-widget-image\" data-id=\"d667cf0\" data-element_type=\"widget\" data-e-type=\"widget\" data-widget_type=\"image.default\">\n\t\t\t\t<div class=\"elementor-widget-container\">\n\t\t\t\t\t\t\t\t\t\t\t\t\t\t\t<img fetchpriority=\"high\" decoding=\"async\" width=\"240\" height=\"300\" src=\"https:\/\/altoebomsom.net\/wp-content\/uploads\/2024\/02\/Clo_Cunha-KARAOKE-240x300.jpg\" class=\"attachment-medium size-medium wp-image-2462\" alt=\"\" srcset=\"https:\/\/altoebomsom.net\/wp-content\/uploads\/2024\/02\/Clo_Cunha-KARAOKE-240x300.jpg 240w, https:\/\/altoebomsom.net\/wp-content\/uploads\/2024\/02\/Clo_Cunha-KARAOKE-819x1024.jpg 819w, https:\/\/altoebomsom.net\/wp-content\/uploads\/2024\/02\/Clo_Cunha-KARAOKE-768x960.jpg 768w, https:\/\/altoebomsom.net\/wp-content\/uploads\/2024\/02\/Clo_Cunha-KARAOKE.jpg 1080w\" sizes=\"(max-width: 240px) 100vw, 240px\" \/>\t\t\t\t\t\t\t\t\t\t\t\t\t\t\t<\/div>\n\t\t\t\t<\/div>\n\t\t\t\t\t<\/div>\n\t\t<\/div>\n\t\t\t\t<div class=\"elementor-column elementor-col-33 elementor-top-column elementor-element elementor-element-6651679\" data-id=\"6651679\" data-element_type=\"column\" data-e-type=\"column\">\n\t\t\t<div class=\"elementor-widget-wrap elementor-element-populated\">\n\t\t\t\t\t\t<div class=\"elementor-element elementor-element-7459088 elementor-widget__width-initial elementor-widget elementor-widget-text-editor\" data-id=\"7459088\" data-element_type=\"widget\" data-e-type=\"widget\" data-widget_type=\"text-editor.default\">\n\t\t\t\t<div class=\"elementor-widget-container\">\n\t\t\t\t\t\t\t\t\t<p>Anima\u00e7\u00e3o garantida para:<\/p><p>&#8211; Eventos privados<\/p><p>&#8211; Anima\u00e7\u00e3o hoteleira<\/p><p>\u00a0<\/p><p>\u00a0<\/p><p>Report\u00f3rios:<\/p><p>&#8211; Internacional<\/p><p>&#8211; Portugu\u00eas<\/p><p>\u00a0<\/p><p>\u00a0<\/p><p>Fluente em Ingl\u00eas e Franc\u00eas<\/p><p>\u00a0<\/p>\t\t\t\t\t\t\t\t<\/div>\n\t\t\t\t<\/div>\n\t\t\t\t\t<\/div>\n\t\t<\/div>\n\t\t\t\t<div class=\"elementor-column elementor-col-33 elementor-top-column elementor-element elementor-element-147d8b2\" data-id=\"147d8b2\" data-element_type=\"column\" data-e-type=\"column\">\n\t\t\t<div class=\"elementor-widget-wrap elementor-element-populated\">\n\t\t\t\t\t\t<div class=\"elementor-element elementor-element-4558e66 elementor-widget elementor-widget-image\" data-id=\"4558e66\" data-element_type=\"widget\" data-e-type=\"widget\" data-widget_type=\"image.default\">\n\t\t\t\t<div class=\"elementor-widget-container\">\n\t\t\t\t\t\t\t\t\t\t\t\t\t\t\t<img decoding=\"async\" width=\"612\" height=\"357\" src=\"https:\/\/altoebomsom.net\/wp-content\/uploads\/2024\/02\/Karaoke_imagem.jpg\" class=\"attachment-full size-full wp-image-2572\" alt=\"\" srcset=\"https:\/\/altoebomsom.net\/wp-content\/uploads\/2024\/02\/Karaoke_imagem.jpg 612w, https:\/\/altoebomsom.net\/wp-content\/uploads\/2024\/02\/Karaoke_imagem-300x175.jpg 300w\" sizes=\"(max-width: 612px) 100vw, 612px\" \/>\t\t\t\t\t\t\t\t\t\t\t\t\t\t\t<\/div>\n\t\t\t\t<\/div>\n\t\t\t\t\t<\/div>\n\t\t<\/div>\n\t\t\t\t\t<\/div>\n\t\t<\/section>\n\t\t\t\t<\/div>\n\t\t","protected":false},"excerpt":{"rendered":"<p>Cl\u00f4 Cunha Anima\u00e7\u00e3o Karaoke Anima\u00e7\u00e3o garantida para: &#8211; Eventos privados &#8211; Anima\u00e7\u00e3o hoteleira \u00a0 \u00a0 Report\u00f3rios: &#8211; Internacional &#8211; Portugu\u00eas \u00a0 \u00a0 Fluente em Ingl\u00eas e Franc\u00eas \u00a0<\/p>\n","protected":false},"author":1,"featured_media":0,"parent":0,"menu_order":0,"comment_status":"closed","ping_status":"closed","template":"","meta":{"om_disable_all_campaigns":false,"_monsterinsights_skip_tracking":false,"_monsterinsights_sitenote_active":false,"_monsterinsights_sitenote_note":"","_monsterinsights_sitenote_category":0,"site-sidebar-layout":"no-sidebar","site-content-layout":"page-builder","ast-site-content-layout":"full-width-container","site-content-style":"default","site-sidebar-style":"default","ast-global-header-display":"","ast-banner-title-visibility":"","ast-main-header-display":"","ast-hfb-above-header-display":"","ast-hfb-below-header-display":"","ast-hfb-mobile-header-display":"","site-post-title":"disabled","ast-breadcrumbs-content":"","ast-featured-img":"disabled","footer-sml-layout":"","ast-disable-related-posts":"","theme-transparent-header-meta":"","adv-header-id-meta":"","stick-header-meta":"","header-above-stick-meta":"","header-main-stick-meta":"","header-below-stick-meta":"","astra-migrate-meta-layouts":"set","ast-page-background-enabled":"default","ast-page-background-meta":{"desktop":{"background-color":"var(--ast-global-color-4)","background-image":"","background-repeat":"repeat","background-position":"center center","background-size":"auto","background-attachment":"scroll","background-type":"","background-media":"","overlay-type":"","overlay-color":"","overlay-opacity":"","overlay-gradient":""},"tablet":{"background-color":"","background-image":"","background-repeat":"repeat","background-position":"center center","background-size":"auto","background-attachment":"scroll","background-type":"","background-media":"","overlay-type":"","overlay-color":"","overlay-opacity":"","overlay-gradient":""},"mobile":{"background-color":"","background-image":"","background-repeat":"repeat","background-position":"center center","background-size":"auto","background-attachment":"scroll","background-type":"","background-media":"","overlay-type":"","overlay-color":"","overlay-opacity":"","overlay-gradient":""}},"ast-content-background-meta":{"desktop":{"background-color":"var(--ast-global-color-5)","background-image":"","background-repeat":"repeat","background-position":"center center","background-size":"auto","background-attachment":"scroll","background-type":"","background-media":"","overlay-type":"","overlay-color":"","overlay-opacity":"","overlay-gradient":""},"tablet":{"background-color":"var(--ast-global-color-5)","background-image":"","background-repeat":"repeat","background-position":"center center","background-size":"auto","background-attachment":"scroll","background-type":"","background-media":"","overlay-type":"","overlay-color":"","overlay-opacity":"","overlay-gradient":""},"mobile":{"background-color":"var(--ast-global-color-5)","background-image":"","background-repeat":"repeat","background-position":"center center","background-size":"auto","background-attachment":"scroll","background-type":"","background-media":"","overlay-type":"","overlay-color":"","overlay-opacity":"","overlay-gradient":""}},"footnotes":""},"class_list":["post-2457","page","type-page","status-publish","hentry"],"aioseo_notices":[],"_links":{"self":[{"href":"https:\/\/altoebomsom.net\/index.php\/wp-json\/wp\/v2\/pages\/2457","targetHints":{"allow":["GET"]}}],"collection":[{"href":"https:\/\/altoebomsom.net\/index.php\/wp-json\/wp\/v2\/pages"}],"about":[{"href":"https:\/\/altoebomsom.net\/index.php\/wp-json\/wp\/v2\/types\/page"}],"author":[{"embeddable":true,"href":"https:\/\/altoebomsom.net\/index.php\/wp-json\/wp\/v2\/users\/1"}],"replies":[{"embeddable":true,"href":"https:\/\/altoebomsom.net\/index.php\/wp-json\/wp\/v2\/comments?post=2457"}],"version-history":[{"count":16,"href":"https:\/\/altoebomsom.net\/index.php\/wp-json\/wp\/v2\/pages\/2457\/revisions"}],"predecessor-version":[{"id":2579,"href":"https:\/\/altoebomsom.net\/index.php\/wp-json\/wp\/v2\/pages\/2457\/revisions\/2579"}],"wp:attachment":[{"href":"https:\/\/altoebomsom.net\/index.php\/wp-json\/wp\/v2\/media?parent=2457"}],"curies":[{"name":"wp","href":"https:\/\/api.w.org\/{rel}","templated":true}]}}